{"id":39,"date":"2025-05-17T14:29:34","date_gmt":"2025-05-17T14:29:34","guid":{"rendered":"https:\/\/proedplus.com\/index.php\/ana-sayfa\/"},"modified":"2025-05-30T00:26:13","modified_gmt":"2025-05-30T00:26:13","slug":"ana-sayfa","status":"publish","type":"page","link":"https:\/\/proedplus.com\/","title":{"rendered":"Ana sayfa"},"content":{"rendered":"\n<div class=\"wp-block-cover alignfull is-light hestia-clear-top-padding\"><span aria-hidden=\"true\" class=\"wp-block-cover__background has-white-background-color has-background-dim-100 has-background-dim\"><\/span><div class=\"wp-block-cover__inner-container is-layout-flow wp-block-cover-is-layout-flow\">\n<h2 class=\"wp-block-heading has-text-align-center has-text-color\" style=\"color:#3c4858\">E\u011e\u0130T\u0130M V\u0130DEOLARIMIZ<\/h2>\n\n\n\n<div style=\"height:40px\" aria-hidden=\"true\" class=\"wp-block-spacer\"><\/div>\n\n\n\n<div class=\"wp-block-columns container is-layout-flex wp-container-core-columns-is-layout-28f84493 wp-block-columns-is-layout-flex\">\n<div class=\"wp-block-column is-layout-flow wp-block-column-is-layout-flow\">\n<h5 class=\"wp-block-heading has-text-align-center has-text-color\" style=\"color:#3c4858;font-size:18px\">\u0130nsan\u0131 Tan\u0131mak<\/h5>\n\n\n\n<div style=\"height:25px\" aria-hidden=\"true\" class=\"wp-block-spacer\"><\/div>\n\n\n\n<figure class=\"wp-block-embed is-type-video is-provider-youtube wp-block-embed-youtube wp-embed-aspect-16-9 wp-has-aspect-ratio\"><div class=\"wp-block-embed__wrapper\">\n<iframe title=\"Kendini Tan\u0131 (Nosce Te Ipsum): \u0130nsan\u0131 Tan\u0131mak E\u011fitimi | PROED\" width=\"750\" height=\"422\" src=\"https:\/\/www.youtube.com\/embed\/PzJk1D7oAb4?feature=oembed\" frameborder=\"0\" allow=\"accelerometer; autoplay; clipboard-write; encrypted-media; gyroscope; picture-in-picture; web-share\" referrerpolicy=\"strict-origin-when-cross-origin\" allowfullscreen><\/iframe>\n<\/div><\/figure>\n<\/div>\n\n\n\n<div class=\"wp-block-column is-layout-flow wp-block-column-is-layout-flow\">\n<h5 class=\"wp-block-heading has-text-align-center has-text-color\" style=\"color:#3c4858;font-size:18px\"><\/h5>\n\n\n\n<div style=\"height:25px\" aria-hidden=\"true\" class=\"wp-block-spacer\"><\/div>\n<\/div>\n\n\n\n<div class=\"wp-block-column is-layout-flow wp-block-column-is-layout-flow\">\n<h5 class=\"wp-block-heading has-text-align-center has-text-color\" style=\"color:#3c4858;font-size:18px\"><\/h5>\n\n\n\n<p class=\"has-text-align-center has-text-color\" style=\"color:#999999;font-size:14px\"><\/p>\n\n\n\n<div style=\"height:25px\" aria-hidden=\"true\" class=\"wp-block-spacer\"><\/div>\n<\/div>\n<\/div>\n\n\n\n<div style=\"height:40px\" aria-hidden=\"true\" class=\"wp-block-spacer\"><\/div>\n<\/div><\/div>\n\n\n\n<div class=\"wp-block-cover alignfull is-light hestia-clear-top-padding\"><span aria-hidden=\"true\" class=\"wp-block-cover__background has-white-background-color has-background-dim-100 has-background-dim\"><\/span><div class=\"wp-block-cover__inner-container is-layout-flow wp-block-cover-is-layout-flow\">\n<h2 class=\"wp-block-heading has-text-align-center has-text-color\" style=\"color:#3c4858\">FELSEFEM\u0130Z<\/h2>\n\n\n\n<p class=\"has-text-align-center\">\u0130nsanlar\u0131 arzular\u0131 ve korkular\u0131 y\u00f6netir. Onlar\u0131 besleyen \u015fey de cehalettir. <strong>Murat Yaman<\/strong><\/p>\n\n\n\n<div style=\"height:40px\" aria-hidden=\"true\" class=\"wp-block-spacer\"><\/div>\n\n\n\n<div class=\"wp-block-columns container is-layout-flex wp-container-core-columns-is-layout-28f84493 wp-block-columns-is-layout-flex\">\n<div class=\"wp-block-column is-layout-flow wp-block-column-is-layout-flow\"><div class=\"wp-block-image\">\n<figure class=\"aligncenter size-full\"><img data-opt-id=2005081993  fetchpriority=\"high\" decoding=\"async\" width=\"150\" height=\"150\" src=\"https:\/\/mld08ibpjh3g.i.optimole.com\/cb:GFNP.ab9\/w:auto\/h:auto\/q:mauto\/https:\/\/proedplus.com\/wp-content\/uploads\/2025\/05\/insani_tani.webp\" alt=\"\u0130NSANI TANI\" class=\"wp-image-658\"\/><\/figure><\/div>\n\n\n<h5 class=\"wp-block-heading has-text-align-center has-text-color\" style=\"color:#3c4858;font-size:18px\">\u0130NSANI TANI<\/h5>\n\n\n\n<p class=\"has-text-align-center has-text-color\" style=\"color:#999999;font-size:14px\">Arzu, korku ve ak\u0131l g\u00fc\u00e7lerini anla. Her davran\u0131\u015f\u0131n arkas\u0131ndaki temel nedeni \u00e7\u00f6z. Al\u0131\u015fkanl\u0131klar\u0131n\u0131 de\u011fi\u015ftir.<\/p>\n\n\n\n<div style=\"height:25px\" aria-hidden=\"true\" class=\"wp-block-spacer\"><\/div>\n<\/div>\n\n\n\n<div class=\"wp-block-column is-layout-flow wp-block-column-is-layout-flow\"><div class=\"wp-block-image\">\n<figure class=\"aligncenter size-full\"><img data-opt-id=1633237005  fetchpriority=\"high\" decoding=\"async\" width=\"150\" height=\"150\" src=\"https:\/\/mld08ibpjh3g.i.optimole.com\/cb:GFNP.ab9\/w:auto\/h:auto\/q:mauto\/https:\/\/proedplus.com\/wp-content\/uploads\/2025\/05\/sistem_kur.webp\" alt=\"S\u0130STEM OLU\u015eTUR\" class=\"wp-image-660\"\/><\/figure><\/div>\n\n\n<h5 class=\"wp-block-heading has-text-align-center has-text-color\" style=\"color:#3c4858;font-size:18px\">S\u0130STEM OLU\u015eTUR<\/h5>\n\n\n\n<p class=\"has-text-align-center has-text-color\" style=\"color:#999999;font-size:14px\">Her zaman \u015fu 6 temel soruyu yan\u0131tla: Ne, nas\u0131l, ne zaman, kim, hangi KPI ve NEDEN?<\/p>\n\n\n\n<div style=\"height:25px\" aria-hidden=\"true\" class=\"wp-block-spacer\"><\/div>\n<\/div>\n\n\n\n<div class=\"wp-block-column is-layout-flow wp-block-column-is-layout-flow\"><div class=\"wp-block-image\">\n<figure class=\"aligncenter size-full\"><img data-opt-id=366837733  data-opt-src=\"https:\/\/mld08ibpjh3g.i.optimole.com\/cb:GFNP.ab9\/w:auto\/h:auto\/q:mauto\/https:\/\/proedplus.com\/wp-content\/uploads\/2025\/05\/olc_ve_kontrol_et.webp\"  decoding=\"async\" width=\"150\" height=\"150\" src=\"data:image/svg+xml,%3Csvg%20viewBox%3D%220%200%20100%%20100%%22%20width%3D%22100%%22%20height%3D%22100%%22%20xmlns%3D%22http%3A%2F%2Fwww.w3.org%2F2000%2Fsvg%22%3E%3Crect%20width%3D%22100%%22%20height%3D%22100%%22%20fill%3D%22transparent%22%2F%3E%3C%2Fsvg%3E\" alt=\"\u00d6L\u00c7 VE KONTROL ET\" class=\"wp-image-661\"\/><\/figure><\/div>\n\n\n<h5 class=\"wp-block-heading has-text-align-center has-text-color\" style=\"color:#3c4858;font-size:18px\">\u00d6L\u00c7 VE KONTROL ET<\/h5>\n\n\n\n<p class=\"has-text-align-center has-text-color\" style=\"color:#999999;font-size:14px\">S\u00fcrekli iyile\u015ftirme d\u00f6ng\u00fcs\u00fc<br>i\u00e7inde, otomatik de\u011fil verilere dayal\u0131 kararlar al.<\/p>\n\n\n\n<p class=\"has-text-align-center has-text-color\" style=\"color:#999999;font-size:14px\"><\/p>\n\n\n\n<div style=\"height:25px\" aria-hidden=\"true\" class=\"wp-block-spacer\"><\/div>\n<\/div>\n<\/div>\n\n\n\n<div style=\"height:40px\" aria-hidden=\"true\" class=\"wp-block-spacer\"><\/div>\n<\/div><\/div>\n\n\n\n<div class=\"wp-block-columns container is-layout-flex wp-container-core-columns-is-layout-28f84493 wp-block-columns-is-layout-flex\">\n<div class=\"wp-block-column col-md-5 is-layout-flow wp-block-column-is-layout-flow\">\n<div style=\"height:55px\" aria-hidden=\"true\" class=\"wp-block-spacer\"><\/div>\n\n\n\n<h2 class=\"wp-block-heading\">D\u00f6n\u00fc\u015f\u00fcm Seninle Ba\u015flar!<\/h2>\n\n\n\n<p>Gandhi\u2019nin dedi\u011fi gibi: <\/p>\n\n\n\n<p>\u201c\u0130nan\u00e7lar\u0131n d\u00fc\u015f\u00fcncelerini, d\u00fc\u015f\u00fcncelerin<br>s\u00f6zlerini, s\u00f6zlerin eylemlerini, eylemlerin al\u0131\u015fkanl\u0131klar\u0131n\u0131,<br>al\u0131\u015fkanl\u0131klar\u0131n karakterini, karakterin kaderini yarat\u0131r.\u201d<\/p>\n\n\n\n<p>PROED olarak felsefemizin \u00f6z\u00fc de bu evrensel ger\u00e7e\u011fe dayan\u0131r:<\/p>\n\n\n\n<p>Al\u0131\u015fkanl\u0131klar\u0131n\u0131z\u0131 de\u011fi\u015ftirirseniz, se\u00e7imlerinizi de\u011fi\u015ftirebilirsiniz;<br>se\u00e7imlerinizi de\u011fi\u015ftirirseniz, kaderinizi de\u011fi\u015ftirebilirsiniz.<\/p>\n<\/div>\n\n\n\n<div class=\"wp-block-column col-md-6 col-md-offset1 is-layout-flow wp-block-column-is-layout-flow\">\n<div style=\"height:55px\" aria-hidden=\"true\" class=\"wp-block-spacer\"><\/div>\n\n\n\n<figure class=\"wp-block-image size-full\"><img data-opt-id=135057762  data-opt-src=\"https:\/\/mld08ibpjh3g.i.optimole.com\/cb:GFNP.ab9\/w:auto\/h:auto\/q:mauto\/https:\/\/proedplus.com\/wp-content\/uploads\/2025\/05\/proed_gelisim_modeli-2-scaled.webp\"  decoding=\"async\" width=\"2560\" height=\"2560\" src=\"data:image/svg+xml,%3Csvg%20viewBox%3D%220%200%20100%%20100%%22%20width%3D%22100%%22%20height%3D%22100%%22%20xmlns%3D%22http%3A%2F%2Fwww.w3.org%2F2000%2Fsvg%22%3E%3Crect%20width%3D%22100%%22%20height%3D%22100%%22%20fill%3D%22transparent%22%2F%3E%3C%2Fsvg%3E\" alt=\"PROED Geli\u015fim Modeli\" class=\"wp-image-758\" old-srcset=\"https:\/\/mld08ibpjh3g.i.optimole.com\/cb:GFNP.ab9\/w:1080\/h:1080\/q:mauto\/https:\/\/proedplus.com\/wp-content\/uploads\/2025\/05\/proed_gelisim_modeli-2-scaled.webp 2560w, https:\/\/mld08ibpjh3g.i.optimole.com\/cb:GFNP.ab9\/w:300\/h:300\/q:mauto\/https:\/\/proedplus.com\/wp-content\/uploads\/2025\/05\/proed_gelisim_modeli-2-scaled.webp 300w, https:\/\/mld08ibpjh3g.i.optimole.com\/cb:GFNP.ab9\/w:1024\/h:1024\/q:mauto\/https:\/\/proedplus.com\/wp-content\/uploads\/2025\/05\/proed_gelisim_modeli-2-scaled.webp 1024w, https:\/\/mld08ibpjh3g.i.optimole.com\/cb:GFNP.ab9\/w:150\/h:150\/q:mauto\/https:\/\/proedplus.com\/wp-content\/uploads\/2025\/05\/proed_gelisim_modeli-2-scaled.webp 150w, https:\/\/mld08ibpjh3g.i.optimole.com\/cb:GFNP.ab9\/w:768\/h:768\/q:mauto\/https:\/\/proedplus.com\/wp-content\/uploads\/2025\/05\/proed_gelisim_modeli-2-scaled.webp 768w, https:\/\/mld08ibpjh3g.i.optimole.com\/cb:GFNP.ab9\/w:1080\/h:1080\/q:mauto\/https:\/\/proedplus.com\/wp-content\/uploads\/2025\/05\/proed_gelisim_modeli-2-scaled.webp 1536w, https:\/\/mld08ibpjh3g.i.optimole.com\/cb:GFNP.ab9\/w:1080\/h:1080\/q:mauto\/https:\/\/proedplus.com\/wp-content\/uploads\/2025\/05\/proed_gelisim_modeli-2-scaled.webp 2048w\" \/><\/figure>\n\n\n\n<p><\/p>\n<\/div>\n<\/div>\n","protected":false},"excerpt":{"rendered":"<p>D\u00f6n\u00fc\u015f\u00fcm Seninle Ba\u015flar! Gandhi\u2019nin dedi\u011fi gibi: \u201c\u0130nan\u00e7lar\u0131n d\u00fc\u015f\u00fcncelerini, d\u00fc\u015f\u00fcncelerins\u00f6zlerini, s\u00f6zlerin eylemlerini, eylemlerin al\u0131\u015fkanl\u0131klar\u0131n\u0131,al\u0131\u015fkanl\u0131klar\u0131n karakterini, karakterin kaderini yarat\u0131r.\u201d PROED olarak felsefemizin \u00f6z\u00fc de bu evrensel ger\u00e7e\u011fe dayan\u0131r: Al\u0131\u015fkanl\u0131klar\u0131n\u0131z\u0131 de\u011fi\u015ftirirseniz, se\u00e7imlerinizi de\u011fi\u015ftirebilirsiniz;se\u00e7imlerinizi de\u011fi\u015ftirirseniz, kaderinizi de\u011fi\u015ftirebilirsiniz.<\/p>\n","protected":false},"author":1,"featured_media":0,"parent":0,"menu_order":0,"comment_status":"closed","ping_status":"closed","template":"","meta":{"_themeisle_gutenberg_block_has_review":false,"footnotes":""},"class_list":["post-39","page","type-page","status-publish","hentry"],"yoast_head":"<!-- This site is optimized with the Yoast SEO plugin v27.4 - https:\/\/yoast.com\/product\/yoast-seo-wordpress\/ -->\n<title>Ana sayfa - PROED E\u011fitim ve Dan\u0131\u015fmanl\u0131k<\/title>\n<meta name=\"description\" content=\"&quot;\u0130nsan\u0131 anlamadan hi\u00e7bir sistem \u00e7al\u0131\u015fmaz.&quot; PROED E\u011fitim ve Dan\u0131\u015fmanl\u0131k ile i\u015fletmenizi insan odakl\u0131 ve \u00e7al\u0131\u015fan sistemlerle d\u00f6n\u00fc\u015ft\u00fcr\u00fcn. 35 y\u0131ll\u0131k deneyim.\" \/>\n<meta name=\"robots\" content=\"index, follow, max-snippet:-1, max-image-preview:large, max-video-preview:-1\" \/>\n<link rel=\"canonical\" href=\"https:\/\/proedplus.com\/\" \/>\n<meta property=\"og:locale\" content=\"tr_TR\" \/>\n<meta property=\"og:type\" content=\"article\" \/>\n<meta property=\"og:title\" content=\"Ana Sayfa\" \/>\n<meta property=\"og:description\" content=\"&quot;\u0130nsan\u0131 anlamadan hi\u00e7bir sistem \u00e7al\u0131\u015fmaz.&quot; PROED E\u011fitim ve Dan\u0131\u015fmanl\u0131k ile i\u015fletmenizi insan odakl\u0131 ve \u00e7al\u0131\u015fan sistemlerle d\u00f6n\u00fc\u015ft\u00fcr\u00fcn. 35 y\u0131ll\u0131k deneyim.\" \/>\n<meta property=\"og:url\" content=\"https:\/\/proedplus.com\/\" \/>\n<meta property=\"og:site_name\" content=\"PROED E\u011fitim ve Dan\u0131\u015fmanl\u0131k\" \/>\n<meta property=\"article:publisher\" content=\"https:\/\/www.facebook.com\/proedegitimvedanismanlik\/\" \/>\n<meta property=\"article:modified_time\" content=\"2025-05-30T00:26:13+00:00\" \/>\n<meta property=\"og:image\" content=\"https:\/\/mld08ibpjh3g.i.optimole.com\/cb:GFNP.ab9\/w:auto\/h:auto\/q:mauto\/https:\/\/proedplus.com\/wp-content\/uploads\/2025\/05\/cropped-favicon.webp\" \/>\n\t<meta property=\"og:image:width\" content=\"512\" \/>\n\t<meta property=\"og:image:height\" content=\"512\" \/>\n\t<meta property=\"og:image:type\" content=\"image\/webp\" \/>\n<meta name=\"twitter:card\" content=\"summary_large_image\" \/>\n<meta name=\"twitter:label1\" content=\"Tahmini okuma s\u00fcresi\" \/>\n\t<meta name=\"twitter:data1\" content=\"2 dakika\" \/>\n<script type=\"application\/ld+json\" class=\"yoast-schema-graph\">{\"@context\":\"https:\\\/\\\/schema.org\",\"@graph\":[{\"@type\":\"WebPage\",\"@id\":\"https:\\\/\\\/proedplus.com\\\/\",\"url\":\"https:\\\/\\\/proedplus.com\\\/\",\"name\":\"Ana sayfa - PROED E\u011fitim ve Dan\u0131\u015fmanl\u0131k\",\"isPartOf\":{\"@id\":\"https:\\\/\\\/proedplus.com\\\/#website\"},\"primaryImageOfPage\":{\"@id\":\"https:\\\/\\\/proedplus.com\\\/#primaryimage\"},\"image\":{\"@id\":\"https:\\\/\\\/proedplus.com\\\/#primaryimage\"},\"thumbnailUrl\":\"https:\\/\\/proedplus.com\\/wp-content\\/uploads\\/2025\\/05\\/insani_tani.webp\",\"datePublished\":\"2025-05-17T14:29:34+00:00\",\"dateModified\":\"2025-05-30T00:26:13+00:00\",\"description\":\"\\\"\u0130nsan\u0131 anlamadan hi\u00e7bir sistem \u00e7al\u0131\u015fmaz.\\\" PROED E\u011fitim ve Dan\u0131\u015fmanl\u0131k ile i\u015fletmenizi insan odakl\u0131 ve \u00e7al\u0131\u015fan sistemlerle d\u00f6n\u00fc\u015ft\u00fcr\u00fcn. 35 y\u0131ll\u0131k deneyim.\",\"breadcrumb\":{\"@id\":\"https:\\\/\\\/proedplus.com\\\/#breadcrumb\"},\"inLanguage\":\"tr\",\"potentialAction\":[{\"@type\":\"ReadAction\",\"target\":[\"https:\\\/\\\/proedplus.com\\\/\"]}]},{\"@type\":\"ImageObject\",\"inLanguage\":\"tr\",\"@id\":\"https:\\\/\\\/proedplus.com\\\/#primaryimage\",\"url\":\"https:\\/\\/proedplus.com\\/wp-content\\/uploads\\/2025\\/05\\/insani_tani.webp\",\"contentUrl\":\"https:\\/\\/proedplus.com\\/wp-content\\/uploads\\/2025\\/05\\/insani_tani.webp\",\"width\":150,\"height\":150,\"caption\":\"\u0130NSANI TANI\"},{\"@type\":\"BreadcrumbList\",\"@id\":\"https:\\\/\\\/proedplus.com\\\/#breadcrumb\",\"itemListElement\":[{\"@type\":\"ListItem\",\"position\":1,\"name\":\"Anasayfa\",\"item\":\"https:\\\/\\\/proedplus.com\\\/\"},{\"@type\":\"ListItem\",\"position\":2,\"name\":\"Ana sayfa\"}]},{\"@type\":\"WebSite\",\"@id\":\"https:\\\/\\\/proedplus.com\\\/#website\",\"url\":\"https:\\\/\\\/proedplus.com\\\/\",\"name\":\"PROED E\u011fitim ve Dan\u0131\u015fmanl\u0131k\",\"description\":\"\u0130nsan\u0131 anlamadan hi&ccedil;bir sistem &ccedil;al\u0131\u015fmaz!\",\"publisher\":{\"@id\":\"https:\\\/\\\/proedplus.com\\\/#organization\"},\"alternateName\":\"PROED\",\"potentialAction\":[{\"@type\":\"SearchAction\",\"target\":{\"@type\":\"EntryPoint\",\"urlTemplate\":\"https:\\\/\\\/proedplus.com\\\/?s={search_term_string}\"},\"query-input\":{\"@type\":\"PropertyValueSpecification\",\"valueRequired\":true,\"valueName\":\"search_term_string\"}}],\"inLanguage\":\"tr\"},{\"@type\":\"Organization\",\"@id\":\"https:\\\/\\\/proedplus.com\\\/#organization\",\"name\":\"PROED E\u011fitim ve Dan\u0131\u015fmanl\u0131k\",\"alternateName\":\"PROED\",\"url\":\"https:\\\/\\\/proedplus.com\\\/\",\"logo\":{\"@type\":\"ImageObject\",\"inLanguage\":\"tr\",\"@id\":\"https:\\\/\\\/proedplus.com\\\/#\\\/schema\\\/logo\\\/image\\\/\",\"url\":\"https:\\/\\/mld08ibpjh3g.i.optimole.com\\/cb:GFNP.ab9\\/w:150\\/h:100\\/q:mauto\\/https:\\/\\/proedplus.com\\/wp-content\\/uploads\\/2025\\/05\\/logo_transparent.webp\",\"contentUrl\":\"https:\\/\\/mld08ibpjh3g.i.optimole.com\\/cb:GFNP.ab9\\/w:150\\/h:100\\/q:mauto\\/https:\\/\\/proedplus.com\\/wp-content\\/uploads\\/2025\\/05\\/logo_transparent.webp\",\"width\":150,\"height\":100,\"caption\":\"PROED E\u011fitim ve Dan\u0131\u015fmanl\u0131k\"},\"image\":{\"@id\":\"https:\\\/\\\/proedplus.com\\\/#\\\/schema\\\/logo\\\/image\\\/\"},\"sameAs\":[\"https:\\\/\\\/www.facebook.com\\\/proedegitimvedanismanlik\\\/\",\"https:\\\/\\\/www.linkedin.com\\\/company\\\/proedplus\\\/\",\"https:\\\/\\\/medium.com\\\/@muratyaman.tr\\\/\",\"https:\\\/\\\/www.youtube.com\\\/@proedegitimvedanismanlik\\\/\",\"https:\\\/\\\/www.instagram.com\\\/proedplus\\\/\"]}]}<\/script>\n<!-- \/ Yoast SEO plugin. -->","yoast_head_json":{"title":"Ana sayfa - PROED E\u011fitim ve Dan\u0131\u015fmanl\u0131k","description":"\"\u0130nsan\u0131 anlamadan hi\u00e7bir sistem \u00e7al\u0131\u015fmaz.\" PROED E\u011fitim ve Dan\u0131\u015fmanl\u0131k ile i\u015fletmenizi insan odakl\u0131 ve \u00e7al\u0131\u015fan sistemlerle d\u00f6n\u00fc\u015ft\u00fcr\u00fcn. 35 y\u0131ll\u0131k deneyim.","robots":{"index":"index","follow":"follow","max-snippet":"max-snippet:-1","max-image-preview":"max-image-preview:large","max-video-preview":"max-video-preview:-1"},"canonical":"https:\/\/proedplus.com\/","og_locale":"tr_TR","og_type":"article","og_title":"Ana Sayfa","og_description":"\"\u0130nsan\u0131 anlamadan hi\u00e7bir sistem \u00e7al\u0131\u015fmaz.\" PROED E\u011fitim ve Dan\u0131\u015fmanl\u0131k ile i\u015fletmenizi insan odakl\u0131 ve \u00e7al\u0131\u015fan sistemlerle d\u00f6n\u00fc\u015ft\u00fcr\u00fcn. 35 y\u0131ll\u0131k deneyim.","og_url":"https:\/\/proedplus.com\/","og_site_name":"PROED E\u011fitim ve Dan\u0131\u015fmanl\u0131k","article_publisher":"https:\/\/www.facebook.com\/proedegitimvedanismanlik\/","article_modified_time":"2025-05-30T00:26:13+00:00","og_image":[{"width":512,"height":512,"url":"https:\/\/mld08ibpjh3g.i.optimole.com\/cb:GFNP.ab9\/w:auto\/h:auto\/q:mauto\/https:\/\/proedplus.com\/wp-content\/uploads\/2025\/05\/cropped-favicon.webp","type":"image\/webp"}],"twitter_card":"summary_large_image","twitter_misc":{"Tahmini okuma s\u00fcresi":"2 dakika"},"schema":{"@context":"https:\/\/schema.org","@graph":[{"@type":"WebPage","@id":"https:\/\/proedplus.com\/","url":"https:\/\/proedplus.com\/","name":"Ana sayfa - PROED E\u011fitim ve Dan\u0131\u015fmanl\u0131k","isPartOf":{"@id":"https:\/\/proedplus.com\/#website"},"primaryImageOfPage":{"@id":"https:\/\/proedplus.com\/#primaryimage"},"image":{"@id":"https:\/\/proedplus.com\/#primaryimage"},"thumbnailUrl":"https:\/\/mld08ibpjh3g.i.optimole.com\/cb:GFNP.ab9\/w:auto\/h:auto\/q:mauto\/https:\/\/proedplus.com\/wp-content\/uploads\/2025\/05\/insani_tani.webp","datePublished":"2025-05-17T14:29:34+00:00","dateModified":"2025-05-30T00:26:13+00:00","description":"\"\u0130nsan\u0131 anlamadan hi\u00e7bir sistem \u00e7al\u0131\u015fmaz.\" PROED E\u011fitim ve Dan\u0131\u015fmanl\u0131k ile i\u015fletmenizi insan odakl\u0131 ve \u00e7al\u0131\u015fan sistemlerle d\u00f6n\u00fc\u015ft\u00fcr\u00fcn. 35 y\u0131ll\u0131k deneyim.","breadcrumb":{"@id":"https:\/\/proedplus.com\/#breadcrumb"},"inLanguage":"tr","potentialAction":[{"@type":"ReadAction","target":["https:\/\/proedplus.com\/"]}]},{"@type":"ImageObject","inLanguage":"tr","@id":"https:\/\/proedplus.com\/#primaryimage","url":"https:\/\/mld08ibpjh3g.i.optimole.com\/cb:GFNP.ab9\/w:auto\/h:auto\/q:mauto\/https:\/\/proedplus.com\/wp-content\/uploads\/2025\/05\/insani_tani.webp","contentUrl":"https:\/\/mld08ibpjh3g.i.optimole.com\/cb:GFNP.ab9\/w:auto\/h:auto\/q:mauto\/https:\/\/proedplus.com\/wp-content\/uploads\/2025\/05\/insani_tani.webp","width":150,"height":150,"caption":"\u0130NSANI TANI"},{"@type":"BreadcrumbList","@id":"https:\/\/proedplus.com\/#breadcrumb","itemListElement":[{"@type":"ListItem","position":1,"name":"Anasayfa","item":"https:\/\/proedplus.com\/"},{"@type":"ListItem","position":2,"name":"Ana sayfa"}]},{"@type":"WebSite","@id":"https:\/\/proedplus.com\/#website","url":"https:\/\/proedplus.com\/","name":"PROED E\u011fitim ve Dan\u0131\u015fmanl\u0131k","description":"\u0130nsan\u0131 anlamadan hi&ccedil;bir sistem &ccedil;al\u0131\u015fmaz!","publisher":{"@id":"https:\/\/proedplus.com\/#organization"},"alternateName":"PROED","potentialAction":[{"@type":"SearchAction","target":{"@type":"EntryPoint","urlTemplate":"https:\/\/proedplus.com\/?s={search_term_string}"},"query-input":{"@type":"PropertyValueSpecification","valueRequired":true,"valueName":"search_term_string"}}],"inLanguage":"tr"},{"@type":"Organization","@id":"https:\/\/proedplus.com\/#organization","name":"PROED E\u011fitim ve Dan\u0131\u015fmanl\u0131k","alternateName":"PROED","url":"https:\/\/proedplus.com\/","logo":{"@type":"ImageObject","inLanguage":"tr","@id":"https:\/\/proedplus.com\/#\/schema\/logo\/image\/","url":"https:\/\/mld08ibpjh3g.i.optimole.com\/cb:GFNP.ab9\/w:150\/h:100\/q:mauto\/https:\/\/proedplus.com\/wp-content\/uploads\/2025\/05\/logo_transparent.webp","contentUrl":"https:\/\/mld08ibpjh3g.i.optimole.com\/cb:GFNP.ab9\/w:150\/h:100\/q:mauto\/https:\/\/proedplus.com\/wp-content\/uploads\/2025\/05\/logo_transparent.webp","width":150,"height":100,"caption":"PROED E\u011fitim ve Dan\u0131\u015fmanl\u0131k"},"image":{"@id":"https:\/\/proedplus.com\/#\/schema\/logo\/image\/"},"sameAs":["https:\/\/www.facebook.com\/proedegitimvedanismanlik\/","https:\/\/www.linkedin.com\/company\/proedplus\/","https:\/\/medium.com\/@muratyaman.tr\/","https:\/\/www.youtube.com\/@proedegitimvedanismanlik\/","https:\/\/www.instagram.com\/proedplus\/"]}]}},"_links":{"self":[{"href":"https:\/\/proedplus.com\/index.php\/wp-json\/wp\/v2\/pages\/39","targetHints":{"allow":["GET"]}}],"collection":[{"href":"https:\/\/proedplus.com\/index.php\/wp-json\/wp\/v2\/pages"}],"about":[{"href":"https:\/\/proedplus.com\/index.php\/wp-json\/wp\/v2\/types\/page"}],"author":[{"embeddable":true,"href":"https:\/\/proedplus.com\/index.php\/wp-json\/wp\/v2\/users\/1"}],"replies":[{"embeddable":true,"href":"https:\/\/proedplus.com\/index.php\/wp-json\/wp\/v2\/comments?post=39"}],"version-history":[{"count":32,"href":"https:\/\/proedplus.com\/index.php\/wp-json\/wp\/v2\/pages\/39\/revisions"}],"predecessor-version":[{"id":886,"href":"https:\/\/proedplus.com\/index.php\/wp-json\/wp\/v2\/pages\/39\/revisions\/886"}],"wp:attachment":[{"href":"https:\/\/proedplus.com\/index.php\/wp-json\/wp\/v2\/media?parent=39"}],"curies":[{"name":"wp","href":"https:\/\/api.w.org\/{rel}","templated":true}]}}