{"id":370,"date":"2025-05-18T15:42:13","date_gmt":"2025-05-18T15:42:13","guid":{"rendered":"https:\/\/proedplus.com\/?page_id=370"},"modified":"2025-05-23T11:09:42","modified_gmt":"2025-05-23T11:09:42","slug":"egitim-bilgi-talebi","status":"publish","type":"page","link":"https:\/\/proedplus.com\/index.php\/egitim-bilgi-talebi\/","title":{"rendered":"E\u011fitim Bilgi Talebi"},"content":{"rendered":"<div class=\"wpforms-container wpforms-container-full wpforms-block wpforms-block-653eddfe-4cef-4757-9d27-faaf993a432d\" id=\"wpforms-355\"><form id=\"wpforms-form-355\" class=\"wpforms-validate wpforms-form\" data-formid=\"355\" method=\"post\" enctype=\"multipart\/form-data\" action=\"\/index.php\/wp-json\/wp\/v2\/pages\/370\" data-token=\"7077d482f4495fa08a25cf1cd14ec391\" data-token-time=\"1776273194\"><noscript class=\"wpforms-error-noscript\">Bu formu bitirebilmek i\u00e7in taray\u0131c\u0131n\u0131zda JavaScript&#039;i etkinle\u015ftirin.<\/noscript><div class=\"wpforms-field-container\"><div id=\"wpforms-355-field_0-container\" class=\"wpforms-field wpforms-field-name wpforms-one-half wpforms-first\" data-field-id=\"0\"><label class=\"wpforms-field-label\" for=\"wpforms-355-field_0\">Ad\u0131n\u0131z ve Soyad\u0131n\u0131z <span class=\"wpforms-required-label\">*<\/span><\/label><input type=\"text\" id=\"wpforms-355-field_0\" class=\"wpforms-field-large wpforms-field-required\" name=\"wpforms[fields][0]\" required><\/div><div id=\"wpforms-355-field_3-container\" class=\"wpforms-field wpforms-field-email wpforms-one-half\" data-field-id=\"3\"><label class=\"wpforms-field-label\" for=\"wpforms-355-field_3\">E-posta <span class=\"wpforms-required-label\">*<\/span><\/label><input type=\"email\" id=\"wpforms-355-field_3\" class=\"wpforms-field-large wpforms-field-required\" name=\"wpforms[fields][3]\" spellcheck=\"false\" required><\/div><div id=\"wpforms-355-field_9-container\" class=\"wpforms-field wpforms-field-text\" data-field-id=\"9\"><label class=\"wpforms-field-label\" for=\"wpforms-355-field_9\">Mesle\u011finiz<\/label><input type=\"text\" id=\"wpforms-355-field_9\" class=\"wpforms-field-medium\" name=\"wpforms[fields][9]\" ><\/div><div id=\"wpforms-355-field_10-container\" class=\"wpforms-field wpforms-field-text\" data-field-id=\"10\"><label class=\"wpforms-field-label\" for=\"wpforms-355-field_10\">\u00c7al\u0131\u015ft\u0131\u011f\u0131n\u0131z Sekt\u00f6r<\/label><input type=\"text\" id=\"wpforms-355-field_10\" class=\"wpforms-field-medium\" name=\"wpforms[fields][10]\" ><\/div><div id=\"wpforms-355-field_5-container\" class=\"wpforms-field wpforms-field-radio\" data-field-id=\"5\"><label class=\"wpforms-field-label\">Hangi e\u011fitimle ilgileniyorsunuz? <span class=\"wpforms-required-label\">*<\/span><\/label><ul id=\"wpforms-355-field_5\" class=\"wpforms-field-required\"><li class=\"choice-1 depth-1\"><input type=\"radio\" id=\"wpforms-355-field_5_1\" name=\"wpforms[fields][5]\" value=\"\u0130nsan\u0131 Tan\u0131mak\" required ><label class=\"wpforms-field-label-inline\" for=\"wpforms-355-field_5_1\">\u0130nsan\u0131 Tan\u0131mak<\/label><\/li><li class=\"choice-2 depth-1\"><input type=\"radio\" id=\"wpforms-355-field_5_2\" name=\"wpforms[fields][5]\" value=\"PAKET-1: Temel E\u011fitim\" required ><label class=\"wpforms-field-label-inline\" for=\"wpforms-355-field_5_2\">PAKET-1: Temel E\u011fitim<\/label><\/li><li class=\"choice-3 depth-1\"><input type=\"radio\" id=\"wpforms-355-field_5_3\" name=\"wpforms[fields][5]\" value=\"PAKET-2: E\u011fitim ve Dan\u0131\u015fmanl\u0131k\" required ><label class=\"wpforms-field-label-inline\" for=\"wpforms-355-field_5_3\">PAKET-2: E\u011fitim ve Dan\u0131\u015fmanl\u0131k<\/label><\/li><li class=\"choice-4 depth-1\"><input type=\"radio\" id=\"wpforms-355-field_5_4\" name=\"wpforms[fields][5]\" value=\"PAKET-3: Tam Destek Paketi\" required ><label class=\"wpforms-field-label-inline\" for=\"wpforms-355-field_5_4\">PAKET-3: Tam Destek Paketi<\/label><\/li><li class=\"choice-5 depth-1\"><input type=\"radio\" id=\"wpforms-355-field_5_5\" name=\"wpforms[fields][5]\" value=\"Hen\u00fcz karar vermedim\" required ><label class=\"wpforms-field-label-inline\" for=\"wpforms-355-field_5_5\">Hen\u00fcz karar vermedim<\/label><\/li><\/ul><\/div><div id=\"wpforms-355-field_2-container\" class=\"wpforms-field wpforms-field-textarea\" data-field-id=\"2\"><label class=\"wpforms-field-label\" for=\"wpforms-355-field_2\">Mesaj\u0131n\u0131z<\/label><textarea id=\"wpforms-355-field_2\" class=\"wpforms-field-medium\" name=\"wpforms[fields][2]\" ><\/textarea><\/div><div id=\"wpforms-355-field_8-container\" class=\"wpforms-field wpforms-field-checkbox\" data-field-id=\"8\"><label class=\"wpforms-field-label\">PROED E\u011fitim ve Dan\u0131\u015fmanl\u0131k&#039;\u0131n bana e-posta g\u00f6ndermesine izin veriyorum <span class=\"wpforms-required-label\">*<\/span><\/label><ul id=\"wpforms-355-field_8\" class=\"wpforms-field-required\"><li class=\"choice-1 depth-1\"><input type=\"checkbox\" id=\"wpforms-355-field_8_1\" name=\"wpforms[fields][8][]\" value=\"Onayl\u0131yorum\" required ><label class=\"wpforms-field-label-inline\" for=\"wpforms-355-field_8_1\">Onayl\u0131yorum<\/label><\/li><\/ul><\/div><\/div><!-- .wpforms-field-container --><div class=\"wpforms-recaptcha-container wpforms-is-recaptcha wpforms-is-recaptcha-type-v2\" ><div class=\"g-recaptcha\" data-sitekey=\"6Lcb4kArAAAAABffPvey5dpDxacOyrtknzESJVnr\"><\/div><input type=\"text\" name=\"g-recaptcha-hidden\" class=\"wpforms-recaptcha-hidden\" style=\"position:absolute!important;clip:rect(0,0,0,0)!important;height:1px!important;width:1px!important;border:0!important;overflow:hidden!important;padding:0!important;margin:0!important;\" data-rule-recaptcha=\"1\"><\/div><div class=\"wpforms-submit-container\" ><input type=\"hidden\" name=\"wpforms[id]\" value=\"355\"><input type=\"hidden\" name=\"page_title\" value=\"\"><input type=\"hidden\" name=\"page_url\" value=\"https:\/\/proedplus.com\/index.php\/wp-json\/wp\/v2\/pages\/370\"><input type=\"hidden\" name=\"url_referer\" value=\"\"><button type=\"submit\" name=\"wpforms[submit]\" id=\"wpforms-submit-355\" class=\"wpforms-submit\" data-alt-text=\"G\u00f6nderiliyor...\" data-submit-text=\"Mesaj\u0131 G\u00f6nder\" aria-live=\"assertive\" value=\"wpforms-submit\">Mesaj\u0131 G\u00f6nder<\/button><\/div><\/form><\/div>  <!-- .wpforms-container -->\n\n\n<p><\/p>\n","protected":false},"excerpt":{"rendered":"","protected":false},"author":1,"featured_media":754,"parent":0,"menu_order":0,"comment_status":"closed","ping_status":"closed","template":"","meta":{"_themeisle_gutenberg_block_has_review":false,"footnotes":""},"class_list":["post-370","page","type-page","status-publish","has-post-thumbnail","hentry"],"yoast_head":"<!-- This site is optimized with the Yoast SEO plugin v27.4 - https:\/\/yoast.com\/product\/yoast-seo-wordpress\/ -->\n<title>E\u011fitim Bilgi Talebi - PROED E\u011fitim ve Dan\u0131\u015fmanl\u0131k<\/title>\n<meta name=\"description\" content=\"&quot;\u0130nsan\u0131 anlamadan hi\u00e7bir sistem \u00e7al\u0131\u015fmaz.&quot; PROED E\u011fitim ve Dan\u0131\u015fmanl\u0131k ile i\u015fletmenizi insan odakl\u0131 ve \u00e7al\u0131\u015fan sistemlerle d\u00f6n\u00fc\u015ft\u00fcr\u00fcn. 35 y\u0131ll\u0131k deneyim.\" \/>\n<meta name=\"robots\" content=\"index, follow, max-snippet:-1, max-image-preview:large, max-video-preview:-1\" \/>\n<link rel=\"canonical\" href=\"https:\/\/proedplus.com\/index.php\/egitim-bilgi-talebi\/\" \/>\n<meta property=\"og:locale\" content=\"tr_TR\" \/>\n<meta property=\"og:type\" content=\"article\" \/>\n<meta property=\"og:title\" content=\"E\u011fitim Bilgi Talebi\" \/>\n<meta property=\"og:description\" content=\"&quot;\u0130nsan\u0131 anlamadan hi\u00e7bir sistem \u00e7al\u0131\u015fmaz.&quot; PROED E\u011fitim ve Dan\u0131\u015fmanl\u0131k ile i\u015fletmenizi insan odakl\u0131 ve \u00e7al\u0131\u015fan sistemlerle d\u00f6n\u00fc\u015ft\u00fcr\u00fcn. 35 y\u0131ll\u0131k deneyim.\" \/>\n<meta property=\"og:url\" content=\"https:\/\/proedplus.com\/index.php\/egitim-bilgi-talebi\/\" \/>\n<meta property=\"og:site_name\" content=\"PROED E\u011fitim ve Dan\u0131\u015fmanl\u0131k\" \/>\n<meta property=\"article:publisher\" content=\"https:\/\/www.facebook.com\/proedegitimvedanismanlik\/\" \/>\n<meta property=\"article:modified_time\" content=\"2025-05-23T11:09:42+00:00\" \/>\n<meta property=\"og:image\" content=\"https:\/\/mld08ibpjh3g.i.optimole.com\/cb:GFNP.ab9\/w:auto\/h:auto\/q:mauto\/https:\/\/proedplus.com\/wp-content\/uploads\/2025\/05\/cropped-favicon.webp\" \/>\n\t<meta property=\"og:image:width\" content=\"512\" \/>\n\t<meta property=\"og:image:height\" content=\"512\" \/>\n\t<meta property=\"og:image:type\" content=\"image\/webp\" \/>\n<meta name=\"twitter:card\" content=\"summary_large_image\" \/>\n<meta name=\"twitter:label1\" content=\"Tahmini okuma s\u00fcresi\" \/>\n\t<meta name=\"twitter:data1\" content=\"1 dakika\" \/>\n<script type=\"application\/ld+json\" class=\"yoast-schema-graph\">{\"@context\":\"https:\\\/\\\/schema.org\",\"@graph\":[{\"@type\":\"WebPage\",\"@id\":\"https:\\\/\\\/proedplus.com\\\/index.php\\\/egitim-bilgi-talebi\\\/\",\"url\":\"https:\\\/\\\/proedplus.com\\\/index.php\\\/egitim-bilgi-talebi\\\/\",\"name\":\"E\u011fitim Bilgi Talebi - PROED E\u011fitim ve Dan\u0131\u015fmanl\u0131k\",\"isPartOf\":{\"@id\":\"https:\\\/\\\/proedplus.com\\\/#website\"},\"primaryImageOfPage\":{\"@id\":\"https:\\\/\\\/proedplus.com\\\/index.php\\\/egitim-bilgi-talebi\\\/#primaryimage\"},\"image\":{\"@id\":\"https:\\\/\\\/proedplus.com\\\/index.php\\\/egitim-bilgi-talebi\\\/#primaryimage\"},\"thumbnailUrl\":\"https:\\/\\/proedplus.com\\/wp-content\\/uploads\\/2025\\/05\\/banner_1.png\",\"datePublished\":\"2025-05-18T15:42:13+00:00\",\"dateModified\":\"2025-05-23T11:09:42+00:00\",\"description\":\"\\\"\u0130nsan\u0131 anlamadan hi\u00e7bir sistem \u00e7al\u0131\u015fmaz.\\\" PROED E\u011fitim ve Dan\u0131\u015fmanl\u0131k ile i\u015fletmenizi insan odakl\u0131 ve \u00e7al\u0131\u015fan sistemlerle d\u00f6n\u00fc\u015ft\u00fcr\u00fcn. 35 y\u0131ll\u0131k deneyim.\",\"breadcrumb\":{\"@id\":\"https:\\\/\\\/proedplus.com\\\/index.php\\\/egitim-bilgi-talebi\\\/#breadcrumb\"},\"inLanguage\":\"tr\",\"potentialAction\":[{\"@type\":\"ReadAction\",\"target\":[\"https:\\\/\\\/proedplus.com\\\/index.php\\\/egitim-bilgi-talebi\\\/\"]}]},{\"@type\":\"ImageObject\",\"inLanguage\":\"tr\",\"@id\":\"https:\\\/\\\/proedplus.com\\\/index.php\\\/egitim-bilgi-talebi\\\/#primaryimage\",\"url\":\"https:\\/\\/proedplus.com\\/wp-content\\/uploads\\/2025\\/05\\/banner_1.png\",\"contentUrl\":\"https:\\/\\/proedplus.com\\/wp-content\\/uploads\\/2025\\/05\\/banner_1.png\",\"width\":1920,\"height\":711,\"caption\":\"PROED BANNER\"},{\"@type\":\"BreadcrumbList\",\"@id\":\"https:\\\/\\\/proedplus.com\\\/index.php\\\/egitim-bilgi-talebi\\\/#breadcrumb\",\"itemListElement\":[{\"@type\":\"ListItem\",\"position\":1,\"name\":\"Anasayfa\",\"item\":\"https:\\\/\\\/proedplus.com\\\/\"},{\"@type\":\"ListItem\",\"position\":2,\"name\":\"E\u011fitim Bilgi Talebi\"}]},{\"@type\":\"WebSite\",\"@id\":\"https:\\\/\\\/proedplus.com\\\/#website\",\"url\":\"https:\\\/\\\/proedplus.com\\\/\",\"name\":\"PROED E\u011fitim ve Dan\u0131\u015fmanl\u0131k\",\"description\":\"\u0130nsan\u0131 anlamadan hi&ccedil;bir sistem &ccedil;al\u0131\u015fmaz!\",\"publisher\":{\"@id\":\"https:\\\/\\\/proedplus.com\\\/#organization\"},\"alternateName\":\"PROED\",\"potentialAction\":[{\"@type\":\"SearchAction\",\"target\":{\"@type\":\"EntryPoint\",\"urlTemplate\":\"https:\\\/\\\/proedplus.com\\\/?s={search_term_string}\"},\"query-input\":{\"@type\":\"PropertyValueSpecification\",\"valueRequired\":true,\"valueName\":\"search_term_string\"}}],\"inLanguage\":\"tr\"},{\"@type\":\"Organization\",\"@id\":\"https:\\\/\\\/proedplus.com\\\/#organization\",\"name\":\"PROED E\u011fitim ve Dan\u0131\u015fmanl\u0131k\",\"alternateName\":\"PROED\",\"url\":\"https:\\\/\\\/proedplus.com\\\/\",\"logo\":{\"@type\":\"ImageObject\",\"inLanguage\":\"tr\",\"@id\":\"https:\\\/\\\/proedplus.com\\\/#\\\/schema\\\/logo\\\/image\\\/\",\"url\":\"https:\\/\\/mld08ibpjh3g.i.optimole.com\\/cb:GFNP.ab9\\/w:150\\/h:100\\/q:mauto\\/https:\\/\\/proedplus.com\\/wp-content\\/uploads\\/2025\\/05\\/logo_transparent.webp\",\"contentUrl\":\"https:\\/\\/mld08ibpjh3g.i.optimole.com\\/cb:GFNP.ab9\\/w:150\\/h:100\\/q:mauto\\/https:\\/\\/proedplus.com\\/wp-content\\/uploads\\/2025\\/05\\/logo_transparent.webp\",\"width\":150,\"height\":100,\"caption\":\"PROED E\u011fitim ve Dan\u0131\u015fmanl\u0131k\"},\"image\":{\"@id\":\"https:\\\/\\\/proedplus.com\\\/#\\\/schema\\\/logo\\\/image\\\/\"},\"sameAs\":[\"https:\\\/\\\/www.facebook.com\\\/proedegitimvedanismanlik\\\/\",\"https:\\\/\\\/www.linkedin.com\\\/company\\\/proedplus\\\/\",\"https:\\\/\\\/medium.com\\\/@muratyaman.tr\\\/\",\"https:\\\/\\\/www.youtube.com\\\/@proedegitimvedanismanlik\\\/\",\"https:\\\/\\\/www.instagram.com\\\/proedplus\\\/\"]}]}<\/script>\n<!-- \/ Yoast SEO plugin. -->","yoast_head_json":{"title":"E\u011fitim Bilgi Talebi - PROED E\u011fitim ve Dan\u0131\u015fmanl\u0131k","description":"\"\u0130nsan\u0131 anlamadan hi\u00e7bir sistem \u00e7al\u0131\u015fmaz.\" PROED E\u011fitim ve Dan\u0131\u015fmanl\u0131k ile i\u015fletmenizi insan odakl\u0131 ve \u00e7al\u0131\u015fan sistemlerle d\u00f6n\u00fc\u015ft\u00fcr\u00fcn. 35 y\u0131ll\u0131k deneyim.","robots":{"index":"index","follow":"follow","max-snippet":"max-snippet:-1","max-image-preview":"max-image-preview:large","max-video-preview":"max-video-preview:-1"},"canonical":"https:\/\/proedplus.com\/index.php\/egitim-bilgi-talebi\/","og_locale":"tr_TR","og_type":"article","og_title":"E\u011fitim Bilgi Talebi","og_description":"\"\u0130nsan\u0131 anlamadan hi\u00e7bir sistem \u00e7al\u0131\u015fmaz.\" PROED E\u011fitim ve Dan\u0131\u015fmanl\u0131k ile i\u015fletmenizi insan odakl\u0131 ve \u00e7al\u0131\u015fan sistemlerle d\u00f6n\u00fc\u015ft\u00fcr\u00fcn. 35 y\u0131ll\u0131k deneyim.","og_url":"https:\/\/proedplus.com\/index.php\/egitim-bilgi-talebi\/","og_site_name":"PROED E\u011fitim ve Dan\u0131\u015fmanl\u0131k","article_publisher":"https:\/\/www.facebook.com\/proedegitimvedanismanlik\/","article_modified_time":"2025-05-23T11:09:42+00:00","og_image":[{"width":512,"height":512,"url":"https:\/\/mld08ibpjh3g.i.optimole.com\/cb:GFNP.ab9\/w:auto\/h:auto\/q:mauto\/https:\/\/proedplus.com\/wp-content\/uploads\/2025\/05\/cropped-favicon.webp","type":"image\/webp"}],"twitter_card":"summary_large_image","twitter_misc":{"Tahmini okuma s\u00fcresi":"1 dakika"},"schema":{"@context":"https:\/\/schema.org","@graph":[{"@type":"WebPage","@id":"https:\/\/proedplus.com\/index.php\/egitim-bilgi-talebi\/","url":"https:\/\/proedplus.com\/index.php\/egitim-bilgi-talebi\/","name":"E\u011fitim Bilgi Talebi - PROED E\u011fitim ve Dan\u0131\u015fmanl\u0131k","isPartOf":{"@id":"https:\/\/proedplus.com\/#website"},"primaryImageOfPage":{"@id":"https:\/\/proedplus.com\/index.php\/egitim-bilgi-talebi\/#primaryimage"},"image":{"@id":"https:\/\/proedplus.com\/index.php\/egitim-bilgi-talebi\/#primaryimage"},"thumbnailUrl":"https:\/\/mld08ibpjh3g.i.optimole.com\/cb:GFNP.ab9\/w:auto\/h:auto\/q:mauto\/https:\/\/proedplus.com\/wp-content\/uploads\/2025\/05\/banner_1.png","datePublished":"2025-05-18T15:42:13+00:00","dateModified":"2025-05-23T11:09:42+00:00","description":"\"\u0130nsan\u0131 anlamadan hi\u00e7bir sistem \u00e7al\u0131\u015fmaz.\" PROED E\u011fitim ve Dan\u0131\u015fmanl\u0131k ile i\u015fletmenizi insan odakl\u0131 ve \u00e7al\u0131\u015fan sistemlerle d\u00f6n\u00fc\u015ft\u00fcr\u00fcn. 35 y\u0131ll\u0131k deneyim.","breadcrumb":{"@id":"https:\/\/proedplus.com\/index.php\/egitim-bilgi-talebi\/#breadcrumb"},"inLanguage":"tr","potentialAction":[{"@type":"ReadAction","target":["https:\/\/proedplus.com\/index.php\/egitim-bilgi-talebi\/"]}]},{"@type":"ImageObject","inLanguage":"tr","@id":"https:\/\/proedplus.com\/index.php\/egitim-bilgi-talebi\/#primaryimage","url":"https:\/\/mld08ibpjh3g.i.optimole.com\/cb:GFNP.ab9\/w:auto\/h:auto\/q:mauto\/https:\/\/proedplus.com\/wp-content\/uploads\/2025\/05\/banner_1.png","contentUrl":"https:\/\/mld08ibpjh3g.i.optimole.com\/cb:GFNP.ab9\/w:auto\/h:auto\/q:mauto\/https:\/\/proedplus.com\/wp-content\/uploads\/2025\/05\/banner_1.png","width":1920,"height":711,"caption":"PROED BANNER"},{"@type":"BreadcrumbList","@id":"https:\/\/proedplus.com\/index.php\/egitim-bilgi-talebi\/#breadcrumb","itemListElement":[{"@type":"ListItem","position":1,"name":"Anasayfa","item":"https:\/\/proedplus.com\/"},{"@type":"ListItem","position":2,"name":"E\u011fitim Bilgi Talebi"}]},{"@type":"WebSite","@id":"https:\/\/proedplus.com\/#website","url":"https:\/\/proedplus.com\/","name":"PROED E\u011fitim ve Dan\u0131\u015fmanl\u0131k","description":"\u0130nsan\u0131 anlamadan hi&ccedil;bir sistem &ccedil;al\u0131\u015fmaz!","publisher":{"@id":"https:\/\/proedplus.com\/#organization"},"alternateName":"PROED","potentialAction":[{"@type":"SearchAction","target":{"@type":"EntryPoint","urlTemplate":"https:\/\/proedplus.com\/?s={search_term_string}"},"query-input":{"@type":"PropertyValueSpecification","valueRequired":true,"valueName":"search_term_string"}}],"inLanguage":"tr"},{"@type":"Organization","@id":"https:\/\/proedplus.com\/#organization","name":"PROED E\u011fitim ve Dan\u0131\u015fmanl\u0131k","alternateName":"PROED","url":"https:\/\/proedplus.com\/","logo":{"@type":"ImageObject","inLanguage":"tr","@id":"https:\/\/proedplus.com\/#\/schema\/logo\/image\/","url":"https:\/\/mld08ibpjh3g.i.optimole.com\/cb:GFNP.ab9\/w:150\/h:100\/q:mauto\/https:\/\/proedplus.com\/wp-content\/uploads\/2025\/05\/logo_transparent.webp","contentUrl":"https:\/\/mld08ibpjh3g.i.optimole.com\/cb:GFNP.ab9\/w:150\/h:100\/q:mauto\/https:\/\/proedplus.com\/wp-content\/uploads\/2025\/05\/logo_transparent.webp","width":150,"height":100,"caption":"PROED E\u011fitim ve Dan\u0131\u015fmanl\u0131k"},"image":{"@id":"https:\/\/proedplus.com\/#\/schema\/logo\/image\/"},"sameAs":["https:\/\/www.facebook.com\/proedegitimvedanismanlik\/","https:\/\/www.linkedin.com\/company\/proedplus\/","https:\/\/medium.com\/@muratyaman.tr\/","https:\/\/www.youtube.com\/@proedegitimvedanismanlik\/","https:\/\/www.instagram.com\/proedplus\/"]}]}},"_links":{"self":[{"href":"https:\/\/proedplus.com\/index.php\/wp-json\/wp\/v2\/pages\/370","targetHints":{"allow":["GET"]}}],"collection":[{"href":"https:\/\/proedplus.com\/index.php\/wp-json\/wp\/v2\/pages"}],"about":[{"href":"https:\/\/proedplus.com\/index.php\/wp-json\/wp\/v2\/types\/page"}],"author":[{"embeddable":true,"href":"https:\/\/proedplus.com\/index.php\/wp-json\/wp\/v2\/users\/1"}],"replies":[{"embeddable":true,"href":"https:\/\/proedplus.com\/index.php\/wp-json\/wp\/v2\/comments?post=370"}],"version-history":[{"count":1,"href":"https:\/\/proedplus.com\/index.php\/wp-json\/wp\/v2\/pages\/370\/revisions"}],"predecessor-version":[{"id":371,"href":"https:\/\/proedplus.com\/index.php\/wp-json\/wp\/v2\/pages\/370\/revisions\/371"}],"wp:featuredmedia":[{"embeddable":true,"href":"https:\/\/proedplus.com\/index.php\/wp-json\/wp\/v2\/media\/754"}],"wp:attachment":[{"href":"https:\/\/proedplus.com\/index.php\/wp-json\/wp\/v2\/media?parent=370"}],"curies":[{"name":"wp","href":"https:\/\/api.w.org\/{rel}","templated":true}]}}